{"id":2019,"date":"2023-05-18T11:24:56","date_gmt":"2023-05-18T11:24:56","guid":{"rendered":"https:\/\/greenerschool.eu\/benvingut-a-gg-assessment-tool\/"},"modified":"2023-11-07T14:52:48","modified_gmt":"2023-11-07T14:52:48","slug":"benvingut-a-gg-assessment-tool","status":"publish","type":"page","link":"https:\/\/greenerschool.eu\/ca\/benvingut-a-gg-assessment-tool\/","title":{"rendered":"Avaluaci\u00f3"},"content":{"rendered":"<h1>Benvingut a l&#8217;eina d&#8217;avaluaci\u00f3 Greener Green!<\/h1>\n<div>\n<p>Amb l&#8217;eina d&#8217;avaluaci\u00f3 Greener Green podr\u00e0s descobrir com de verda \u00e9s la teva escola i valorar com esteu treballant la sostenibilitat dins i fora de l\u2019aula. Rebr\u00e0s recomanacions segons la teva puntuaci\u00f3.<\/p>\n<\/div>\n<p>\n    <a href=\"https:\/\/greenerschool.eu\/ca\/choose-your-area\/\">comen\u00e7a ara<\/a>\n<\/p>\n<p><iframe src=\"https:\/\/youtu.be\/sKVjCMnE0TA\"><\/iframe><\/p>\n<p><!--more--><br \/>\n<!-- {\"type\":\"layout\",\"children\":[{\"type\":\"section\",\"props\":{\"style\":\"default\",\"width\":\"default\",\"vertical_align\":\"middle\",\"title_position\":\"top-left\",\"title_rotation\":\"left\",\"title_breakpoint\":\"xl\",\"image_position\":\"center-center\",\"image\":\"wp-content\\\/uploads\\\/2023\\\/05\\\/Greenade-Community-2-dragged-1.png\",\"title\":\"Assessment Tool\",\"padding\":\"none\"},\"children\":[{\"type\":\"row\",\"props\":{\"layout\":\"1-2,1-2\",\"height\":\"percent\"},\"children\":[{\"type\":\"column\",\"props\":{\"position_sticky_breakpoint\":\"m\",\"image_position\":\"center-center\",\"media_overlay_gradient\":\"\",\"width_medium\":\"1-2\"},\"children\":[{\"type\":\"headline\",\"props\":{\"title_element\":\"h1\",\"content\":\"Benvingut a l'eina d'avaluaci\\u00f3 Greener Green!\",\"css\":\".el-element{\\n\\tcolor: #FFFF;\\n}\",\"position\":\"relative\",\"position_right\":\"0\",\"position_top\":\"110\"}},{\"type\":\"text\",\"props\":{\"margin\":\"default\",\"column_breakpoint\":\"m\",\"css\":\".el-element{\\n\\tcolor: #FFFF;\\n}\",\"content\":\"\n\n<p>Amb l'eina d'avaluaci\\u00f3 Greener Green podr\\u00e0s descobrir com de verda \\u00e9s la teva escola i valorar com esteu treballant la sostenibilitat dins i fora de l\\u2019aula. Rebr\\u00e0s recomanacions segons la teva puntuaci\\u00f3.<\\\/p>\",\"text_size\":\"large\",\"position\":\"relative\",\"position_top\":\"130\"}},{\"type\":\"button\",\"props\":{\"grid_column_gap\":\"small\",\"grid_row_gap\":\"small\",\"margin\":\"default\",\"position\":\"relative\",\"position_top\":\"200\"},\"children\":[{\"type\":\"button_item\",\"props\":{\"button_style\":\"default\",\"icon_align\":\"left\",\"content\":\"comen\\u00e7a ara\",\"link_title\":\"Start Now\",\"link\":\"https:\\\/\\\/greenerschool.eu\\\/ca\\\/choose-your-area\\\/\",\"icon\":\"chevron-double-right\"}}]}]},{\"type\":\"column\",\"props\":{\"position_sticky_breakpoint\":\"m\",\"image_position\":\"center-center\",\"media_overlay_gradient\":\"\",\"width_medium\":\"1-2\"},\"children\":[{\"type\":\"video\",\"props\":{\"video_controls\":true,\"margin\":\"default\",\"position\":\"relative\",\"position_top\":\"110\",\"video\":\"https:\\\/\\\/youtu.be\\\/sKVjCMnE0TA\",\"video_width\":\"1080\"}}]}]}]}],\"version\":\"2.7.22\"} --><\/p>\n","protected":false},"excerpt":{"rendered":"<p>Benvingut a l&#8217;eina d&#8217;avaluaci\u00f3 Greener Green! Amb l&#8217;eina d&#8217;avaluaci\u00f3 Greener Green podr\u00e0s descobrir com de verda \u00e9s la teva escola i valorar com esteu treballant la sostenibilitat dins i fora de l\u2019aula. Rebr\u00e0s recomanacions segons la teva puntuaci\u00f3. comen\u00e7a ara<\/p>\n","protected":false},"author":1,"featured_media":0,"parent":0,"menu_order":0,"comment_status":"closed","ping_status":"closed","template":"","meta":{"om_disable_all_campaigns":false,"_monsterinsights_skip_tracking":false,"_monsterinsights_sitenote_active":false,"_monsterinsights_sitenote_note":"","_monsterinsights_sitenote_category":0,"_uf_show_specific_survey":0,"_uf_disable_surveys":false,"footnotes":""},"class_list":["post-2019","page","type-page","status-publish","hentry"],"acf":[],"aioseo_notices":[],"_links":{"self":[{"href":"https:\/\/greenerschool.eu\/ca\/wp-json\/wp\/v2\/pages\/2019","targetHints":{"allow":["GET"]}}],"collection":[{"href":"https:\/\/greenerschool.eu\/ca\/wp-json\/wp\/v2\/pages"}],"about":[{"href":"https:\/\/greenerschool.eu\/ca\/wp-json\/wp\/v2\/types\/page"}],"author":[{"embeddable":true,"href":"https:\/\/greenerschool.eu\/ca\/wp-json\/wp\/v2\/users\/1"}],"replies":[{"embeddable":true,"href":"https:\/\/greenerschool.eu\/ca\/wp-json\/wp\/v2\/comments?post=2019"}],"version-history":[{"count":6,"href":"https:\/\/greenerschool.eu\/ca\/wp-json\/wp\/v2\/pages\/2019\/revisions"}],"predecessor-version":[{"id":2161,"href":"https:\/\/greenerschool.eu\/ca\/wp-json\/wp\/v2\/pages\/2019\/revisions\/2161"}],"wp:attachment":[{"href":"https:\/\/greenerschool.eu\/ca\/wp-json\/wp\/v2\/media?parent=2019"}],"curies":[{"name":"wp","href":"https:\/\/api.w.org\/{rel}","templated":true}]}}