{"id":2028,"date":"2023-05-18T11:48:58","date_gmt":"2023-05-18T11:48:58","guid":{"rendered":"https:\/\/greenerschool.eu\/choose-your-area\/"},"modified":"2023-10-04T09:31:26","modified_gmt":"2023-10-04T09:31:26","slug":"choose-your-area","status":"publish","type":"page","link":"https:\/\/greenerschool.eu\/ca\/choose-your-area\/","title":{"rendered":"Choose Your Area"},"content":{"rendered":"<p><img decoding=\"async\" src=\"\/wp-content\/uploads\/2023\/05\/Diseno-sin-titulo-37.png\" alt=\"\"><\/p>\n<h2>Tria una \u00e0rea i descobreix com de Greener Green \u00e9s la teva escola<\/h2>\n<p>\n    <a href=\"\/ca\/curriculum-2\/\">ORGANITZACI\u00d3 I PARTICIPACI\u00d3<\/a>\n<\/p>\n<p>\n    <a href=\"\/ca\/environment\/\">MEDI AMBIENT (dins i fora de l&#8217;escola)<\/a>\n<\/p>\n<p>\n    <a href=\"\/ca\/management\/\">GESTI\u00d3<\/a>\n<\/p>\n<p>\n    <a href=\"\/ca\/curriculum\/\">CURRICULUM<\/a>\n<\/p>\n<p><!--more--><br \/>\n<!-- {\"type\":\"layout\",\"children\":[{\"type\":\"section\",\"props\":{\"style\":\"default\",\"width\":\"expand\",\"vertical_align\":\"middle\",\"title_position\":\"top-left\",\"title_rotation\":\"left\",\"title_breakpoint\":\"xl\",\"image_position\":\"center-center\",\"image\":\"wp-content\\\/uploads\\\/2023\\\/05\\\/Greenade-Community-2-dragged-1.png\",\"height\":\"expand\"},\"children\":[{\"type\":\"row\",\"children\":[{\"type\":\"column\",\"props\":{\"position_sticky_breakpoint\":\"m\",\"image_position\":\"center-center\",\"media_overlay_gradient\":\"\",\"width_medium\":\"1-2\"},\"children\":[]},{\"type\":\"column\",\"props\":{\"position_sticky_breakpoint\":\"m\",\"image_position\":\"center-center\",\"media_overlay_gradient\":\"\",\"width_medium\":\"1-2\"},\"children\":[]}],\"props\":{\"layout\":\"1-2,1-2\"}},{\"type\":\"row\",\"props\":{\"layout\":\"1-2,1-2\"},\"children\":[{\"type\":\"column\",\"props\":{\"position_sticky_breakpoint\":\"m\",\"image_position\":\"center-center\",\"media_overlay_gradient\":\"\",\"width_medium\":\"1-2\"},\"children\":[{\"type\":\"image\",\"props\":{\"margin\":\"default\",\"image_svg_color\":\"emphasis\",\"image\":\"wp-content\\\/uploads\\\/2023\\\/05\\\/Diseno-sin-titulo-37.png\",\"position\":\"absolute\",\"position_right\":\"-120\"}}]},{\"type\":\"column\",\"props\":{\"position_sticky_breakpoint\":\"m\",\"image_position\":\"center-center\",\"media_overlay_gradient\":\"\",\"width_medium\":\"1-2\"},\"children\":[{\"type\":\"headline\",\"props\":{\"title_element\":\"h2\",\"content\":\"Tria una \\u00e0rea i descobreix com de Greener Green \\u00e9s la teva escola\",\"css\":\".el-element{\\n\\tcolor: #FFFF;\\n}\"}},{\"type\":\"button\",\"props\":{\"grid_column_gap\":\"small\",\"grid_row_gap\":\"small\",\"margin\":\"default\",\"fullwidth\":true,\"button_size\":\"large\",\"position_top\":\"50\"},\"children\":[{\"type\":\"button_item\",\"props\":{\"button_style\":\"default\",\"icon_align\":\"left\",\"link\":\"\\\/ca\\\/curriculum-2\\\/\",\"content\":\"ORGANITZACI\\u00d3 I PARTICIPACI\\u00d3\",\"link_title\":\"ORGANIZATION AND PARTICIPATION\",\"icon\":\"users\"}}]},{\"type\":\"button\",\"props\":{\"grid_column_gap\":\"small\",\"grid_row_gap\":\"small\",\"margin\":\"default\",\"fullwidth\":true,\"button_size\":\"large\",\"position_top\":\"100\"},\"children\":[{\"type\":\"button_item\",\"props\":{\"button_style\":\"default\",\"icon_align\":\"left\",\"link\":\"\\\/ca\\\/environment\\\/\",\"content\":\"MEDI AMBIENT (dins i fora de l'escola)\",\"link_title\":\"ENVIRONMENT (In & Outside of School)\",\"icon\":\"home\"}}]},{\"type\":\"button\",\"props\":{\"grid_column_gap\":\"small\",\"grid_row_gap\":\"small\",\"margin\":\"default\",\"button_size\":\"large\",\"fullwidth\":true,\"position_top\":\"100\"},\"children\":[{\"type\":\"button_item\",\"props\":{\"button_style\":\"default\",\"icon_align\":\"left\",\"content\":\"GESTI\\u00d3\",\"link_title\":\" MANAGEMENT\",\"link\":\"\\\/ca\\\/management\\\/\",\"icon\":\"file-text\"}}]},{\"type\":\"button\",\"props\":{\"grid_column_gap\":\"small\",\"grid_row_gap\":\"small\",\"margin\":\"default\",\"button_size\":\"large\",\"fullwidth\":true,\"position_top\":\"50\"},\"children\":[{\"type\":\"button_item\",\"props\":{\"button_style\":\"default\",\"icon_align\":\"left\",\"content\":\"CURRICULUM\",\"link_title\":\"CURRICULUM\",\"link\":\"\\\/ca\\\/curriculum\\\/\",\"icon\":\"file-text\"}}]}]}]}]}],\"version\":\"2.7.22\"} --><\/p>\n","protected":false},"excerpt":{"rendered":"<p>Tria una \u00e0rea i descobreix com de Greener Green \u00e9s la teva escola ORGANITZACI\u00d3 I PARTICIPACI\u00d3 MEDI AMBIENT (dins i fora de l&#8217;escola) GESTI\u00d3 CURRICULUM<\/p>\n","protected":false},"author":1,"featured_media":0,"parent":0,"menu_order":0,"comment_status":"closed","ping_status":"closed","template":"","meta":{"om_disable_all_campaigns":false,"_monsterinsights_skip_tracking":false,"_monsterinsights_sitenote_active":false,"_monsterinsights_sitenote_note":"","_monsterinsights_sitenote_category":0,"_uf_show_specific_survey":0,"_uf_disable_surveys":false,"footnotes":""},"class_list":["post-2028","page","type-page","status-publish","hentry"],"acf":[],"aioseo_notices":[],"_links":{"self":[{"href":"https:\/\/greenerschool.eu\/ca\/wp-json\/wp\/v2\/pages\/2028","targetHints":{"allow":["GET"]}}],"collection":[{"href":"https:\/\/greenerschool.eu\/ca\/wp-json\/wp\/v2\/pages"}],"about":[{"href":"https:\/\/greenerschool.eu\/ca\/wp-json\/wp\/v2\/types\/page"}],"author":[{"embeddable":true,"href":"https:\/\/greenerschool.eu\/ca\/wp-json\/wp\/v2\/users\/1"}],"replies":[{"embeddable":true,"href":"https:\/\/greenerschool.eu\/ca\/wp-json\/wp\/v2\/comments?post=2028"}],"version-history":[{"count":2,"href":"https:\/\/greenerschool.eu\/ca\/wp-json\/wp\/v2\/pages\/2028\/revisions"}],"predecessor-version":[{"id":2084,"href":"https:\/\/greenerschool.eu\/ca\/wp-json\/wp\/v2\/pages\/2028\/revisions\/2084"}],"wp:attachment":[{"href":"https:\/\/greenerschool.eu\/ca\/wp-json\/wp\/v2\/media?parent=2028"}],"curies":[{"name":"wp","href":"https:\/\/api.w.org\/{rel}","templated":true}]}}