{"id":1732,"date":"2019-05-21T15:09:41","date_gmt":"2019-05-21T15:09:41","guid":{"rendered":"https:\/\/greenerschool.eu\/home\/"},"modified":"2024-10-09T12:43:12","modified_gmt":"2024-10-09T12:43:12","slug":"home","status":"publish","type":"page","link":"https:\/\/greenerschool.eu\/es\/","title":{"rendered":"P\u00e1gina Principal"},"content":{"rendered":"<div>\n<div class=\"ewa-rteLine\">\u00bfEres GreenC (ECOLOGIC)? O<\/div>\n<\/div>\n<h1><span>Greener Green<\/span><\/h1>\n<p><img decoding=\"async\" src=\"\/wp-content\/uploads\/2024\/10\/ES-Cofinanciado-por-la-Uni%CE%BBn-Europea_POS.png\" alt=\"\"><\/p>\n<h2><span>Nuestra visi\u00f3n<\/span><\/h2>\n<h3>Greener Green:<\/h3>\n<h6><span>Nuestra visi\u00f3n es crear escuelas primarias verdes. <\/span><\/h6>\n<div>\n<p data-ccp-props=\"{&quot;335551550&quot;:1,&quot;335551620&quot;:1,&quot;335559683&quot;:0,&quot;335559685&quot;:0,&quot;335559731&quot;:0,&quot;335559737&quot;:0,&quot;335562764&quot;:2,&quot;335562765&quot;:1,&quot;335562766&quot;:4,&quot;335562767&quot;:0,&quot;335562768&quot;:4,&quot;335562769&quot;:0}\"><span>Queremos proporcionar: \u200b<\/span><\/p>\n<ul>\n<li data-ccp-props=\"{&quot;335551550&quot;:1,&quot;335551620&quot;:1,&quot;335559683&quot;:0,&quot;335559685&quot;:0,&quot;335559731&quot;:0,&quot;335559737&quot;:0,&quot;335562764&quot;:2,&quot;335562765&quot;:1,&quot;335562766&quot;:4,&quot;335562767&quot;:0,&quot;335562768&quot;:4,&quot;335562769&quot;:0}\"><span>Profesores\u200b<\/span><\/li>\n<li data-ccp-props=\"{&quot;335551550&quot;:1,&quot;335551620&quot;:1,&quot;335559683&quot;:0,&quot;335559685&quot;:0,&quot;335559731&quot;:0,&quot;335559737&quot;:0,&quot;335562764&quot;:2,&quot;335562765&quot;:1,&quot;335562766&quot;:4,&quot;335562767&quot;:0,&quot;335562768&quot;:4,&quot;335562769&quot;:0}\"><span>Estudiantes\u200b<\/span><\/li>\n<li data-ccp-props=\"{&quot;335551550&quot;:1,&quot;335551620&quot;:1,&quot;335559683&quot;:0,&quot;335559685&quot;:0,&quot;335559731&quot;:0,&quot;335559737&quot;:0,&quot;335562764&quot;:2,&quot;335562765&quot;:1,&quot;335562766&quot;:4,&quot;335562767&quot;:0,&quot;335562768&quot;:4,&quot;335562769&quot;:0}\"><span>Familias\u200b<\/span><\/li>\n<\/ul>\n<p data-ccp-props=\"{&quot;335551550&quot;:1,&quot;335551620&quot;:1,&quot;335559683&quot;:0,&quot;335559685&quot;:0,&quot;335559731&quot;:0,&quot;335559737&quot;:0,&quot;335562764&quot;:2,&quot;335562765&quot;:1,&quot;335562766&quot;:4,&quot;335562767&quot;:0,&quot;335562768&quot;:4,&quot;335562769&quot;:0}\"><span>Con herramientas para hacer su escuela amigable con el medio ambiente. Greener green, es un proyecto europeo centrado en las escuelas primarias y c\u00f3mo pueden contribuir a un mundo m\u00e1s verde.<\/span> \u200b<\/p>\n<p><span>Nuestro objetivo es crear conciencia sobre los retos medioambientales en alumnos de muy corta edad. <\/span><\/p>\n<p><span>Nuestro proyecto desarrollar\u00e1: <\/span><\/p>\n<ul>\n<li><span>Una herramienta de evaluaci\u00f3n y evaluaci\u00f3n para acceder a sus pr\u00e1cticas escolares <\/span><\/li>\n<li><span>Un curso de capacitaci\u00f3n para profesores sobre c\u00f3mo hacer que su escuela sea m\u00e1s ecol\u00f3gica.<\/span><\/li>\n<\/ul>\n<\/div>\n<div>\n<p>    <img decoding=\"async\" src=\"\/wp-content\/uploads\/2022\/04\/children-school-recycling.png\" alt=\"\"><\/p>\n<\/div>\n<p>\n    <a href=\"\/es\/tools\/\">Explora nuestras herramientas<\/a>\n<\/p>\n<h2>Socios de Proyecto<\/h2>\n<ul>\n<li>\n<p>        <img decoding=\"async\" src=\"\/wp-content\/uploads\/2022\/04\/Blue-Room-Innovation-logo-PNG.png\" alt=\"\"><\/p>\n<h3>Logo 01<\/h3>\n<p><a href=\"https:\/\/www.blueroominnovation.com\/en\"><\/a><\/p>\n<\/li>\n<li>\n<p>        <img decoding=\"async\" src=\"\/wp-content\/uploads\/2022\/04\/IDEC-LOGO-TURQUISE.jpg\" alt=\"\"><\/p>\n<h3>Logo 02<\/h3>\n<p><a href=\"https:\/\/www.idec.gr\/\"><\/a><\/p>\n<\/li>\n<li>\n<p>        <img decoding=\"async\" src=\"\/wp-content\/uploads\/2022\/04\/Logo-FAPEL-3C.1-22x22-1.jpeg\" alt=\"\"><\/p>\n<h3>Logo 03<\/h3>\n<p><a href=\"https:\/\/www.fapel.lu\/\"><\/a><\/p>\n<\/li>\n<li>\n<p>        <img decoding=\"async\" src=\"\/wp-content\/uploads\/2022\/04\/University_of_Liege_logo.png\" alt=\"\"><\/p>\n<h3>Logo 04<\/h3>\n<p><a href=\"https:\/\/www.uliege.be\/\"><\/a><\/p>\n<\/li>\n<li>\n<p>        <img decoding=\"async\" src=\"\/wp-content\/uploads\/2022\/04\/logo_bell-lloc.jpg\" alt=\"\"><\/p>\n<h3>Logo 05<\/h3>\n<p><a href=\"\/%20https:\/www.bell-lloc.org\/\"><\/a><\/p>\n<\/li>\n<li>\n<p>        <img decoding=\"async\" src=\"\/wp-content\/uploads\/2022\/04\/logo-SCHOLA-EUROPAEA-VARESE-.jpg\" alt=\"\"><\/p>\n<h3>Logo 06<\/h3>\n<p><a href=\"https:\/\/www.eurscva.eu\/\"><\/a><\/p>\n<\/li>\n<li>\n<p>        <img decoding=\"async\" src=\"\/wp-content\/uploads\/2022\/04\/ilogo-Vareias.jpg\" alt=\"\"><\/p>\n<h3>Logo 07<\/h3>\n<p><a href=\"https:\/\/blogs.sch.gr\/svdimoti\"><\/a><\/p>\n<\/li>\n<\/ul>\n<ul>\n<li><a href=\"#\">social<\/a>\n<\/li>\n<li><a href=\"#\">social<\/a>\n<\/li>\n<li><a href=\"#\">social<\/a>\n<\/li>\n<\/ul>\n<p><!--more--><br \/>\n<!-- {\"name\":\"Home\",\"type\":\"layout\",\"children\":[{\"name\":\"Hero\",\"type\":\"section\",\"props\":{\"width\":\"default\",\"padding\":\"large\",\"style\":\"default\",\"media\":\"images\\\/home-header.jpg\",\"height_viewport\":true,\"header_overlay\":\"light\",\"image\":\"wp-content\\\/uploads\\\/2022\\\/04\\\/green-grass-background-2021-08-26-15-49-57-utc.png\",\"media_advanced\":true,\"image_size\":\"cover\",\"media_background\":\"rgba(255, 255, 255, 0)\",\"media_overlay\":\"rgba(186, 203, 148, 0.68)\",\"height\":\"percent\",\"animation\":\"slide-top\",\"header_transparent\":\"light\",\"image_position\":\"bottom-center\",\"image_fixed\":false,\"class\":\"\",\"overlap\":false,\"vertical_align\":\"middle\",\"title_position\":\"top-left\",\"title_rotation\":\"left\",\"title_breakpoint\":\"xl\",\"image_width\":\"1920\",\"css\":\".el-section h1{\\n\\tcolor: #283f19;\\n}\\n\\n.el-section h4{\\n\\tcolor: red;\\n}\",\"image_effect\":\"fixed\"},\"children\":[{\"name\":\"\",\"type\":\"row\",\"props\":{\"class\":\"\"},\"children\":[{\"name\":\"\",\"type\":\"column\",\"props\":{\"image_position\":\"center-center\",\"media_overlay_gradient\":\"\",\"width_medium\":\"1-1\",\"image\":\"\",\"image_size\":\"contain\",\"padding\":\"large\",\"vertical_align\":\"middle\",\"image_width\":\"690\",\"position_sticky_breakpoint\":\"m\"},\"children\":[{\"name\":\"\",\"type\":\"headline\",\"props\":{\"title_element\":\"div\",\"content\":\"\n\n<div class=\\\"ewa-rteLine\\\">\\u00bfEres GreenC (ECOLOGIC)? O<\\\/div>\",\"title_style\":\"h2\",\"text_align\":\"center\",\"margin\":\"small\",\"css\":\".el-element{\\n\\tcolor: #283f19;\\n}\"}},{\"name\":\"\",\"type\":\"headline\",\"props\":{\"title_element\":\"h1\",\"title_style\":\"heading-large\",\"content\":\"<span>Greener Green<\\\/span>\",\"text_align\":\"center\",\"margin\":\"small\"}},{\"type\":\"image\",\"props\":{\"margin\":\"default\",\"image_svg_color\":\"emphasis\",\"image\":\"wp-content\\\/uploads\\\/2024\\\/10\\\/ES-Cofinanciado-por-la-Uni\\u03bbn-Europea_POS.png\",\"image_width\":\"300\",\"image_height\":\"50\",\"text_align\":\"center\"},\"name\":\"fa\"}]}]}]},{\"name\":\"Our vision\",\"type\":\"section\",\"props\":{\"width\":\"large\",\"padding\":\"large\",\"style\":\"default\",\"text_color\":\"dark\",\"media\":\"\",\"height_viewport\":false,\"header_overlay\":\"light\",\"animation\":\"slide-top-medium\",\"padding_remove_top\":false,\"image_size\":\"cover\",\"image\":\"wp-content\\\/uploads\\\/2022\\\/04\\\/green-grass-background-2021-08-26-15-49-57-utc.png\",\"image_position\":\"bottom-center\",\"image_fixed\":false,\"class\":\"\",\"overlap\":true,\"vertical_align\":\"middle\",\"title_position\":\"top-left\",\"title_rotation\":\"left\",\"title_breakpoint\":\"xl\",\"image_width\":\"1920\",\"image_effect\":\"fixed\",\"media_background\":\"#FFFFFF\",\"media_overlay\":\"rgba(192, 212, 169, 0)\",\"media_overlay_gradient\":\"linear-gradient(180deg, rgba(186,203,148,0.68) 0%, rgba(192,212,169,0.93) 43%);\"},\"children\":[{\"name\":\"\",\"type\":\"row\",\"children\":[{\"name\":\"\",\"type\":\"column\",\"props\":{\"image_position\":\"center-center\",\"media_overlay_gradient\":\"\",\"width_medium\":\"1-1\",\"position_sticky_breakpoint\":\"m\"},\"children\":[{\"name\":\"\",\"type\":\"headline\",\"props\":{\"title_element\":\"h2\",\"content\":\"<span>Nuestra visi\\u00f3n<\\\/span>\",\"text_align\":\"center\",\"text_align_fallback\":\"center\",\"title_style\":\"h2\",\"block_align\":\"center\"}},{\"name\":\"\",\"type\":\"divider\",\"props\":{\"divider_element\":\"div\",\"divider_style\":\"icon\",\"divider_align\":\"center\",\"divider_align_breakpoint\":\"\",\"divider_align_fallback\":\"center\",\"maxwidth\":\"medium\",\"block_align\":\"center\"}}]}]},{\"name\":\"\",\"type\":\"row\",\"props\":{\"layout\":\"1-2,1-2\",\"vertical_align\":true,\"margin\":\"large\",\"column_gap\":\"large\",\"row_gap\":\"large\"},\"children\":[{\"name\":\"\",\"type\":\"column\",\"props\":{\"image_position\":\"center-center\",\"vertical_align\":\"middle\",\"media_overlay_gradient\":\"\",\"width_medium\":\"1-2\",\"position_sticky_breakpoint\":\"m\"},\"children\":[{\"name\":\"\",\"type\":\"headline\",\"props\":{\"title_element\":\"h3\",\"animation\":\"slide-left-medium\",\"title_style\":\"h1\",\"margin\":\"small\",\"text_align\":\"left\",\"text_align_breakpoint\":\"m\",\"text_align_fallback\":\"center\",\"content\":\"Greener Green:\"},\"source\":{\"query\":{\"name\":\"destinationCats.customDestinationCat\",\"arguments\":{\"id\":24}},\"props\":{\"link\":{\"filters\":{\"search\":\"\"},\"name\":\"link\"}}}},{\"type\":\"headline\",\"props\":{\"title_element\":\"h6\",\"content\":\"<span>Nuestra visi\\u00f3n es crear escuelas primarias verdes. <\\\/span>\"}},{\"name\":\"\",\"type\":\"text\",\"props\":{\"column_breakpoint\":\"m\",\"margin\":\"medium\",\"animation\":\"slide-left-medium\",\"text_align\":\"left\",\"text_align_breakpoint\":\"m\",\"text_align_fallback\":\"center\",\"content\":\"\n\n<p data-ccp-props=\\\"{&quot;335551550&quot;:1,&quot;335551620&quot;:1,&quot;335559683&quot;:0,&quot;335559685&quot;:0,&quot;335559731&quot;:0,&quot;335559737&quot;:0,&quot;335562764&quot;:2,&quot;335562765&quot;:1,&quot;335562766&quot;:4,&quot;335562767&quot;:0,&quot;335562768&quot;:4,&quot;335562769&quot;:0}\\\"><span>Queremos proporcionar: \\u200b<\\\/span><\\\/p>\\n\n\n<ul>\\n\n\n<li data-ccp-props=\\\"{&quot;335551550&quot;:1,&quot;335551620&quot;:1,&quot;335559683&quot;:0,&quot;335559685&quot;:0,&quot;335559731&quot;:0,&quot;335559737&quot;:0,&quot;335562764&quot;:2,&quot;335562765&quot;:1,&quot;335562766&quot;:4,&quot;335562767&quot;:0,&quot;335562768&quot;:4,&quot;335562769&quot;:0}\\\"><span>Profesores\\u200b<\\\/span><\\\/li>\\n\n\n<li data-ccp-props=\\\"{&quot;335551550&quot;:1,&quot;335551620&quot;:1,&quot;335559683&quot;:0,&quot;335559685&quot;:0,&quot;335559731&quot;:0,&quot;335559737&quot;:0,&quot;335562764&quot;:2,&quot;335562765&quot;:1,&quot;335562766&quot;:4,&quot;335562767&quot;:0,&quot;335562768&quot;:4,&quot;335562769&quot;:0}\\\"><span>Estudiantes\\u200b<\\\/span><\\\/li>\\n\n\n<li data-ccp-props=\\\"{&quot;335551550&quot;:1,&quot;335551620&quot;:1,&quot;335559683&quot;:0,&quot;335559685&quot;:0,&quot;335559731&quot;:0,&quot;335559737&quot;:0,&quot;335562764&quot;:2,&quot;335562765&quot;:1,&quot;335562766&quot;:4,&quot;335562767&quot;:0,&quot;335562768&quot;:4,&quot;335562769&quot;:0}\\\"><span>Familias\\u200b<\\\/span><\\\/li>\\n<\\\/ul>\\n\n\n<p data-ccp-props=\\\"{&quot;335551550&quot;:1,&quot;335551620&quot;:1,&quot;335559683&quot;:0,&quot;335559685&quot;:0,&quot;335559731&quot;:0,&quot;335559737&quot;:0,&quot;335562764&quot;:2,&quot;335562765&quot;:1,&quot;335562766&quot;:4,&quot;335562767&quot;:0,&quot;335562768&quot;:4,&quot;335562769&quot;:0}\\\"><span>Con herramientas para hacer su escuela amigable con el medio ambiente. Greener green, es un proyecto europeo centrado en las escuelas primarias y c\\u00f3mo pueden contribuir a un mundo m\\u00e1s verde.<\\\/span> \\u200b<\\\/p>\\n\n\n<p><span>Nuestro objetivo es crear conciencia sobre los retos medioambientales en alumnos de muy corta edad. <\\\/span><\\\/p>\\n\n\n<p><span>Nuestro proyecto desarrollar\\u00e1: <\\\/span><\\\/p>\\n\n\n<ul>\\n\n\n<li><span>Una herramienta de evaluaci\\u00f3n y evaluaci\\u00f3n para acceder a sus pr\\u00e1cticas escolares <\\\/span><\\\/li>\\n\n\n<li><span>Un curso de capacitaci\\u00f3n para profesores sobre c\\u00f3mo hacer que su escuela sea m\\u00e1s ecol\\u00f3gica.<\\\/span><\\\/li>\\n<\\\/ul>\"}}]},{\"name\":\"\",\"type\":\"column\",\"props\":{\"image_position\":\"center-center\",\"vertical_align\":\"middle\",\"media_overlay_gradient\":\"\",\"width_medium\":\"1-2\",\"position_sticky_breakpoint\":\"m\"},\"children\":[{\"name\":\"\",\"type\":\"slideshow\",\"props\":{\"show_title\":true,\"show_meta\":true,\"show_content\":true,\"show_link\":true,\"show_thumbnail\":true,\"slideshow_min_height\":\"410\",\"slideshow_autoplay_pause\":true,\"nav\":\"\",\"nav_position\":\"bottom-center\",\"nav_position_margin\":\"medium\",\"nav_align\":\"center\",\"nav_breakpoint\":\"s\",\"thumbnav_width\":\"100\",\"thumbnav_height\":\"75\",\"slidenav\":\"default\",\"slidenav_margin\":\"medium\",\"slidenav_breakpoint\":\"s\",\"overlay_position\":\"center-left\",\"overlay_animation\":\"parallax\",\"title_element\":\"h3\",\"meta_style\":\"meta\",\"meta_align\":\"below-title\",\"link_text\":\"Read more\",\"link_style\":\"default\",\"margin\":\"default\",\"text_color\":\"light\",\"slidenav_outside_breakpoint\":\"xl\",\"image_width\":\"920\",\"thumbnav_svg_color\":\"emphasis\",\"meta_element\":\"div\"},\"children\":[{\"name\":\"\",\"type\":\"slideshow_item\",\"source\":{\"query\":{\"name\":\"destinationCats.customDestinationCat\",\"arguments\":{\"id\":24}},\"props\":{\"image_alt\":{\"filters\":{\"search\":\"\"},\"name\":\"field.image.alt\"}}},\"props\":{\"image\":\"wp-content\\\/uploads\\\/2022\\\/04\\\/children-school-recycling.png\"}}]}]}]},{\"name\":\"\",\"type\":\"row\",\"props\":{\"margin\":\"large\"},\"children\":[{\"name\":\"\",\"type\":\"column\",\"props\":{\"image_position\":\"center-center\",\"media_overlay_gradient\":\"\",\"width_medium\":\"1-1\",\"position_sticky_breakpoint\":\"m\"},\"children\":[{\"name\":\"\",\"type\":\"button\",\"props\":{\"margin\":\"medium\",\"button_size\":\"large\",\"text_align\":\"center\",\"grid_column_gap\":\"small\",\"grid_row_gap\":\"small\",\"css\":\".el-content{\\n\\tcolor: #fff;\\n}\"},\"children\":[{\"name\":\"\",\"type\":\"button_item\",\"props\":{\"button_style\":\"primary\",\"icon_align\":\"left\",\"content\":\"Explora nuestras herramientas\",\"link\":\"es\\\/tools\\\/\",\"link_title\":\"Join our team\"}}]}]}]}]},{\"name\":\"Partners\",\"type\":\"section\",\"props\":{\"style\":\"default\",\"width\":\"large\",\"image_size\":\"cover\",\"image\":\"wp-content\\\/uploads\\\/2022\\\/04\\\/green-grass-in-the-meadow-2022-03-22-15-33-39-utc.png\",\"image_position\":\"top-center\",\"padding\":\"xlarge\",\"image_fixed\":false,\"media_overlay\":\"rgba(255, 255, 255, 0)\",\"class\":\"\",\"overlap\":true,\"vertical_align\":\"middle\",\"title_position\":\"top-left\",\"title_rotation\":\"left\",\"title_breakpoint\":\"xl\",\"image_width\":\"1920\",\"media_overlay_gradient\":\"linear-gradient(180deg, rgba(255,255,255,1) 0%, rgba(255,255,255,0.9) 70%, rgba(255,255,255,0.25) 100%);\"},\"children\":[{\"name\":\"\",\"type\":\"row\",\"props\":{\"vertical_align\":true,\"column_gap\":\"large\",\"row_gap\":\"large\"},\"children\":[{\"name\":\"\",\"type\":\"column\",\"props\":{\"image_position\":\"center-center\",\"vertical_align\":\"middle\",\"media_overlay_gradient\":\"\",\"width_medium\":\"\",\"position_sticky_breakpoint\":\"m\"},\"children\":[{\"name\":\"\",\"type\":\"headline\",\"props\":{\"title_element\":\"h2\",\"content\":\"Socios de Proyecto\",\"text_align\":\"left\",\"text_align_fallback\":\"center\",\"title_style\":\"h3\",\"text_align_breakpoint\":\"m\",\"block_align\":\"center\"}},{\"name\":\"\",\"type\":\"divider\",\"props\":{\"divider_element\":\"div\",\"divider_style\":\"small\",\"divider_align\":\"left\",\"divider_align_breakpoint\":\"m\",\"divider_align_fallback\":\"center\"}},{\"name\":\"\",\"type\":\"grid\",\"props\":{\"show_title\":false,\"show_meta\":true,\"show_content\":true,\"show_image\":true,\"show_link\":true,\"grid_default\":\"1\",\"grid_medium\":\"3\",\"title_element\":\"h3\",\"meta_style\":\"meta\",\"meta_align\":\"below-title\",\"icon_ratio\":4,\"image_align\":\"top\",\"image_grid_width\":\"1-2\",\"link_text\":\"\",\"link_style\":\"default\",\"margin\":\"default\",\"text_align\":\"center\",\"panel_style\":\"card-hover\",\"filter_style\":\"tab\",\"filter_all\":true,\"filter_position\":\"top\",\"filter_align\":\"left\",\"filter_grid_width\":\"auto\",\"title_align\":\"top\",\"title_grid_width\":\"1-2\",\"image_svg_color\":\"emphasis\",\"item_animation\":true,\"title_hover_style\":\"reset\",\"grid_column_gap\":\"collapse\",\"grid_row_gap\":\"collapse\",\"filter_grid_breakpoint\":\"m\",\"title_grid_breakpoint\":\"m\",\"image_grid_breakpoint\":\"m\",\"panel_link\":true,\"content_column_breakpoint\":\"m\",\"icon_width\":80,\"meta_element\":\"div\",\"panel_padding\":\"small\",\"image_height\":\"100px\"},\"children\":[{\"name\":\"\",\"type\":\"grid_item\",\"props\":{\"image\":\"wp-content\\\/uploads\\\/2022\\\/04\\\/Blue-Room-Innovation-logo-PNG.png\",\"title\":\"Logo 01\",\"link\":\"https:\\\/\\\/www.blueroominnovation.com\\\/en\"}},{\"name\":\"\",\"type\":\"grid_item\",\"props\":{\"image\":\"wp-content\\\/uploads\\\/2022\\\/04\\\/IDEC-LOGO-TURQUISE.jpg\",\"title\":\"Logo 02\",\"link\":\"https:\\\/\\\/www.idec.gr\\\/\"}},{\"name\":\"\",\"type\":\"grid_item\",\"props\":{\"image\":\"wp-content\\\/uploads\\\/2022\\\/04\\\/Logo-FAPEL-3C.1-22x22-1.jpeg\",\"title\":\"Logo 03\",\"link\":\"https:\\\/\\\/www.fapel.lu\\\/\"}},{\"name\":\"\",\"type\":\"grid_item\",\"props\":{\"image\":\"wp-content\\\/uploads\\\/2022\\\/04\\\/University_of_Liege_logo.png\",\"title\":\"Logo 04\",\"link\":\"https:\\\/\\\/www.uliege.be\\\/\"}},{\"name\":\"\",\"type\":\"grid_item\",\"props\":{\"image\":\"wp-content\\\/uploads\\\/2022\\\/04\\\/logo_bell-lloc.jpg\",\"title\":\"Logo 05\",\"link\":\" https:\\\/\\\/www.bell-lloc.org\\\/\"}},{\"name\":\"\",\"type\":\"grid_item\",\"props\":{\"image\":\"wp-content\\\/uploads\\\/2022\\\/04\\\/logo-SCHOLA-EUROPAEA-VARESE-.jpg\",\"title\":\"Logo 06\",\"link\":\"https:\\\/\\\/www.eurscva.eu\\\/\"}},{\"type\":\"grid_item\",\"props\":{\"title\":\"Logo 07\",\"image\":\"wp-content\\\/uploads\\\/2022\\\/04\\\/ilogo-Vareias.jpg\",\"link\":\"https:\\\/\\\/blogs.sch.gr\\\/svdimoti\"}}]}]}]},{\"name\":\"\",\"type\":\"row\",\"props\":{\"margin\":\"xlarge\",\"column_gap\":\"large\",\"row_gap\":\"large\"},\"children\":[{\"name\":\"\",\"type\":\"column\",\"props\":{\"image_position\":\"center-center\",\"media_overlay_gradient\":\"\",\"width_medium\":\"1-1\",\"position_sticky_breakpoint\":\"m\"},\"children\":[{\"name\":\"\",\"type\":\"social\",\"props\":{\"link_style\":\"button\",\"margin\":\"xlarge\",\"text_align\":\"center\",\"grid_gap\":\"small\",\"grid\":\"horizontal\"},\"children\":[{\"type\":\"social_item\",\"props\":{\"link\":\"#\",\"icon\":\"twitter\"}},{\"type\":\"social_item\",\"props\":{\"link\":\"#\",\"icon\":\"facebook\"}},{\"type\":\"social_item\",\"props\":{\"link\":\"#\",\"icon\":\"youtube\"}}]}]}]}]}],\"version\":\"2.7.22\"} --><\/p>\n","protected":false},"excerpt":{"rendered":"<p>\u00bfEres GreenC (ECOLOGIC)? O Greener Green Nuestra visi\u00f3n Greener Green: Nuestra visi\u00f3n es crear escuelas primarias verdes. Queremos proporcionar: \u200b Profesores\u200b Estudiantes\u200b Familias\u200b Con herramientas para hacer su escuela amigable con el medio ambiente. Greener green, es un proyecto europeo centrado en las escuelas primarias y c\u00f3mo pueden contribuir a un mundo m\u00e1s verde. \u200b [&hellip;]<\/p>\n","protected":false},"author":1,"featured_media":0,"parent":0,"menu_order":5,"comment_status":"open","ping_status":"open","template":"","meta":{"om_disable_all_campaigns":false,"_monsterinsights_skip_tracking":false,"_monsterinsights_sitenote_active":false,"_monsterinsights_sitenote_note":"","_monsterinsights_sitenote_category":0,"_uf_show_specific_survey":0,"_uf_disable_surveys":false,"footnotes":""},"class_list":["post-1732","page","type-page","status-publish","hentry"],"acf":[],"aioseo_notices":[],"_links":{"self":[{"href":"https:\/\/greenerschool.eu\/es\/wp-json\/wp\/v2\/pages\/1732","targetHints":{"allow":["GET"]}}],"collection":[{"href":"https:\/\/greenerschool.eu\/es\/wp-json\/wp\/v2\/pages"}],"about":[{"href":"https:\/\/greenerschool.eu\/es\/wp-json\/wp\/v2\/types\/page"}],"author":[{"embeddable":true,"href":"https:\/\/greenerschool.eu\/es\/wp-json\/wp\/v2\/users\/1"}],"replies":[{"embeddable":true,"href":"https:\/\/greenerschool.eu\/es\/wp-json\/wp\/v2\/comments?post=1732"}],"version-history":[{"count":4,"href":"https:\/\/greenerschool.eu\/es\/wp-json\/wp\/v2\/pages\/1732\/revisions"}],"predecessor-version":[{"id":2319,"href":"https:\/\/greenerschool.eu\/es\/wp-json\/wp\/v2\/pages\/1732\/revisions\/2319"}],"wp:attachment":[{"href":"https:\/\/greenerschool.eu\/es\/wp-json\/wp\/v2\/media?parent=1732"}],"curies":[{"name":"wp","href":"https:\/\/api.w.org\/{rel}","templated":true}]}}