{"id":2091,"date":"2023-05-18T11:24:56","date_gmt":"2023-05-18T11:24:56","guid":{"rendered":"https:\/\/greenerschool.eu\/greener-green-assessment-tool\/"},"modified":"2023-10-16T08:37:35","modified_gmt":"2023-10-16T08:37:35","slug":"greener-green-assessment-tool","status":"publish","type":"page","link":"https:\/\/greenerschool.eu\/es\/greener-green-assessment-tool\/","title":{"rendered":"Evaluaci\u00f3n"},"content":{"rendered":"<h1>\u00a1Bienvenido a la herramienta de evaluaci\u00f3n Greener Green!<\/h1>\n<div>\n<p>Con la herramienta de evaluaci\u00f3n Greener Green podr\u00e1s descubrir como de verde es tu escuela en la transici\u00f3n a la sostenibilidad. Recibir\u00e1s recomendaciones seg\u00fan tu puntuaci\u00f3n.<\/p>\n<\/div>\n<p>\n    <a href=\"https:\/\/greenerschool.eu\/es\/choose-your-area\/\">empezar ahora<\/a>\n<\/p>\n<p><!--more--><br \/>\n<!-- {\"type\":\"layout\",\"children\":[{\"type\":\"section\",\"props\":{\"style\":\"default\",\"width\":\"default\",\"vertical_align\":\"middle\",\"title_position\":\"top-left\",\"title_rotation\":\"left\",\"title_breakpoint\":\"xl\",\"image_position\":\"center-center\",\"image\":\"wp-content\\\/uploads\\\/2023\\\/05\\\/Greenade-Community-2-dragged-1.png\",\"title\":\"Assessment Tool\",\"padding\":\"none\"},\"children\":[{\"type\":\"row\",\"props\":{\"layout\":\"1-2,1-2\",\"height\":\"percent\"},\"children\":[{\"type\":\"column\",\"props\":{\"position_sticky_breakpoint\":\"m\",\"image_position\":\"center-center\",\"media_overlay_gradient\":\"\",\"width_medium\":\"1-2\"},\"children\":[{\"type\":\"headline\",\"props\":{\"title_element\":\"h1\",\"content\":\"\\u00a1Bienvenido a la herramienta de evaluaci\\u00f3n Greener Green!\",\"css\":\".el-element{\\n\\tcolor: #FFFF;\\n}\",\"position\":\"relative\",\"position_right\":\"0\",\"position_top\":\"110\"}},{\"type\":\"text\",\"props\":{\"margin\":\"default\",\"column_breakpoint\":\"m\",\"css\":\".el-element{\\n\\tcolor: #FFFF;\\n}\",\"content\":\"\n\n<p>Con la herramienta de evaluaci\\u00f3n Greener Green podr\\u00e1s descubrir como de verde es tu escuela en la transici\\u00f3n a la sostenibilidad. Recibir\\u00e1s recomendaciones seg\\u00fan tu puntuaci\\u00f3n.<\\\/p>\",\"text_size\":\"large\",\"position\":\"relative\",\"position_top\":\"130\"}},{\"type\":\"button\",\"props\":{\"grid_column_gap\":\"small\",\"grid_row_gap\":\"small\",\"margin\":\"default\",\"position\":\"relative\",\"position_top\":\"160\"},\"children\":[{\"type\":\"button_item\",\"props\":{\"button_style\":\"default\",\"icon_align\":\"left\",\"content\":\"empezar ahora\",\"link_title\":\"Start Now\",\"link\":\"https:\\\/\\\/greenerschool.eu\\\/es\\\/choose-your-area\\\/\",\"icon\":\"chevron-double-right\"}}]}]},{\"type\":\"column\",\"props\":{\"position_sticky_breakpoint\":\"m\",\"image_position\":\"center-center\",\"media_overlay_gradient\":\"\",\"width_medium\":\"1-2\"},\"children\":[{\"type\":\"video\",\"props\":{\"video_controls\":true,\"margin\":\"default\",\"position\":\"relative\",\"position_top\":\"110\"}}]}]}]}],\"version\":\"2.7.22\"} --><\/p>\n","protected":false},"excerpt":{"rendered":"<p>\u00a1Bienvenido a la herramienta de evaluaci\u00f3n Greener Green! Con la herramienta de evaluaci\u00f3n Greener Green podr\u00e1s descubrir como de verde es tu escuela en la transici\u00f3n a la sostenibilidad. Recibir\u00e1s recomendaciones seg\u00fan tu puntuaci\u00f3n. empezar ahora<\/p>\n","protected":false},"author":1,"featured_media":0,"parent":0,"menu_order":0,"comment_status":"closed","ping_status":"closed","template":"","meta":{"om_disable_all_campaigns":false,"_monsterinsights_skip_tracking":false,"_monsterinsights_sitenote_active":false,"_monsterinsights_sitenote_note":"","_monsterinsights_sitenote_category":0,"_uf_show_specific_survey":0,"_uf_disable_surveys":false,"footnotes":""},"class_list":["post-2091","page","type-page","status-publish","hentry"],"acf":[],"aioseo_notices":[],"_links":{"self":[{"href":"https:\/\/greenerschool.eu\/es\/wp-json\/wp\/v2\/pages\/2091","targetHints":{"allow":["GET"]}}],"collection":[{"href":"https:\/\/greenerschool.eu\/es\/wp-json\/wp\/v2\/pages"}],"about":[{"href":"https:\/\/greenerschool.eu\/es\/wp-json\/wp\/v2\/types\/page"}],"author":[{"embeddable":true,"href":"https:\/\/greenerschool.eu\/es\/wp-json\/wp\/v2\/users\/1"}],"replies":[{"embeddable":true,"href":"https:\/\/greenerschool.eu\/es\/wp-json\/wp\/v2\/comments?post=2091"}],"version-history":[{"count":5,"href":"https:\/\/greenerschool.eu\/es\/wp-json\/wp\/v2\/pages\/2091\/revisions"}],"predecessor-version":[{"id":2147,"href":"https:\/\/greenerschool.eu\/es\/wp-json\/wp\/v2\/pages\/2091\/revisions\/2147"}],"wp:attachment":[{"href":"https:\/\/greenerschool.eu\/es\/wp-json\/wp\/v2\/media?parent=2091"}],"curies":[{"name":"wp","href":"https:\/\/api.w.org\/{rel}","templated":true}]}}