{"id":2021,"date":"2023-05-18T11:24:56","date_gmt":"2023-05-18T11:24:56","guid":{"rendered":"https:\/\/greenerschool.eu\/bienvenue-dans-loutil-devaluation-gg\/"},"modified":"2023-10-04T08:23:59","modified_gmt":"2023-10-04T08:23:59","slug":"bienvenue-dans-loutil-devaluation-gg","status":"publish","type":"page","link":"https:\/\/greenerschool.eu\/fr\/bienvenue-dans-loutil-devaluation-gg\/","title":{"rendered":"\u00c9valuation"},"content":{"rendered":"<h1>Bienvenue dans l&rsquo;outil d&rsquo;\u00e9valuation Greener Green\u00a0!<\/h1>\n<div>\n<p>Avec l&rsquo;outil d&rsquo;\u00e9valuation Greener Green, vous pourrez d\u00e9couvrir l&rsquo;\u00e9tat d&rsquo;avancement de votre \u00e9cole en mati\u00e8re de transition durable. Vous obtiendrez des recommandations en fonction de votre ponctuation.<\/p>\n<\/div>\n<p>\n    <a href=\"https:\/\/greenerschool.eu\/fr\/choose-your-area\/\">Commencez maintenant<\/a>\n<\/p>\n<p><!--more--><br \/>\n<!-- {\"type\":\"layout\",\"children\":[{\"type\":\"section\",\"props\":{\"style\":\"default\",\"width\":\"default\",\"vertical_align\":\"middle\",\"title_position\":\"top-left\",\"title_rotation\":\"left\",\"title_breakpoint\":\"xl\",\"image_position\":\"center-center\",\"image\":\"wp-content\\\/uploads\\\/2023\\\/05\\\/Greenade-Community-2-dragged-1.png\",\"title\":\"Assessment Tool\",\"padding\":\"none\"},\"children\":[{\"type\":\"row\",\"props\":{\"layout\":\"1-2,1-2\",\"height\":\"percent\"},\"children\":[{\"type\":\"column\",\"props\":{\"position_sticky_breakpoint\":\"m\",\"image_position\":\"center-center\",\"media_overlay_gradient\":\"\",\"width_medium\":\"1-2\"},\"children\":[{\"type\":\"headline\",\"props\":{\"title_element\":\"h1\",\"content\":\"Bienvenue dans l'outil d'\\u00e9valuation Greener Green\\u00a0!\",\"css\":\".el-element{\\n\\tcolor: #FFFF;\\n}\",\"position\":\"relative\",\"position_right\":\"0\",\"position_top\":\"110\"}},{\"type\":\"text\",\"props\":{\"margin\":\"default\",\"column_breakpoint\":\"m\",\"css\":\".el-element{\\n\\tcolor: #FFFF;\\n}\",\"content\":\"\n\n<p>Avec l'outil d'\\u00e9valuation Greener Green, vous pourrez d\\u00e9couvrir l'\\u00e9tat d'avancement de votre \\u00e9cole en mati\\u00e8re de transition durable. Vous obtiendrez des recommandations en fonction de votre ponctuation.<\\\/p>\",\"text_size\":\"large\",\"position\":\"relative\",\"position_top\":\"130\"}},{\"type\":\"button\",\"props\":{\"grid_column_gap\":\"small\",\"grid_row_gap\":\"small\",\"margin\":\"default\",\"position\":\"relative\",\"position_top\":\"200\"},\"children\":[{\"type\":\"button_item\",\"props\":{\"button_style\":\"default\",\"icon_align\":\"left\",\"content\":\"Commencez maintenant\",\"link_title\":\"Start Now\",\"link\":\"https:\\\/\\\/greenerschool.eu\\\/fr\\\/choose-your-area\\\/\",\"icon\":\"chevron-double-right\"}}]}]},{\"type\":\"column\",\"props\":{\"position_sticky_breakpoint\":\"m\",\"image_position\":\"center-center\",\"media_overlay_gradient\":\"\",\"width_medium\":\"1-2\"},\"children\":[{\"type\":\"video\",\"props\":{\"video_controls\":true,\"margin\":\"default\",\"position\":\"relative\",\"position_top\":\"110\"}}]}]}]}],\"version\":\"2.7.22\"} --><\/p>\n","protected":false},"excerpt":{"rendered":"<p>Bienvenue dans l&rsquo;outil d&rsquo;\u00e9valuation Greener Green\u00a0! Avec l&rsquo;outil d&rsquo;\u00e9valuation Greener Green, vous pourrez d\u00e9couvrir l&rsquo;\u00e9tat d&rsquo;avancement de votre \u00e9cole en mati\u00e8re de transition durable. Vous obtiendrez des recommandations en fonction de votre ponctuation. Commencez maintenant<\/p>\n","protected":false},"author":1,"featured_media":0,"parent":0,"menu_order":0,"comment_status":"closed","ping_status":"closed","template":"","meta":{"om_disable_all_campaigns":false,"_monsterinsights_skip_tracking":false,"_monsterinsights_sitenote_active":false,"_monsterinsights_sitenote_note":"","_monsterinsights_sitenote_category":0,"_uf_show_specific_survey":0,"_uf_disable_surveys":false,"footnotes":""},"class_list":["post-2021","page","type-page","status-publish","hentry"],"acf":[],"aioseo_notices":[],"_links":{"self":[{"href":"https:\/\/greenerschool.eu\/fr\/wp-json\/wp\/v2\/pages\/2021","targetHints":{"allow":["GET"]}}],"collection":[{"href":"https:\/\/greenerschool.eu\/fr\/wp-json\/wp\/v2\/pages"}],"about":[{"href":"https:\/\/greenerschool.eu\/fr\/wp-json\/wp\/v2\/types\/page"}],"author":[{"embeddable":true,"href":"https:\/\/greenerschool.eu\/fr\/wp-json\/wp\/v2\/users\/1"}],"replies":[{"embeddable":true,"href":"https:\/\/greenerschool.eu\/fr\/wp-json\/wp\/v2\/comments?post=2021"}],"version-history":[{"count":3,"href":"https:\/\/greenerschool.eu\/fr\/wp-json\/wp\/v2\/pages\/2021\/revisions"}],"predecessor-version":[{"id":2073,"href":"https:\/\/greenerschool.eu\/fr\/wp-json\/wp\/v2\/pages\/2021\/revisions\/2073"}],"wp:attachment":[{"href":"https:\/\/greenerschool.eu\/fr\/wp-json\/wp\/v2\/media?parent=2021"}],"curies":[{"name":"wp","href":"https:\/\/api.w.org\/{rel}","templated":true}]}}